{"id":3816,"date":"2025-03-13T15:27:31","date_gmt":"2025-03-13T14:27:31","guid":{"rendered":"https:\/\/www.caravaggiogame.com\/?page_id=3816"},"modified":"2025-03-13T15:32:42","modified_gmt":"2025-03-13T14:32:42","slug":"documentaire","status":"publish","type":"page","link":"https:\/\/www.caravaggiogame.com\/fr\/documentaire\/","title":{"rendered":"Documentaire"},"content":{"rendered":"<section class=\"l-section wpb_row height_large\"><div class=\"l-section-h i-cf\"><div class=\"g-cols vc_row via_flex valign_top type_default stacking_default\"><div class=\"vc_col-sm-12 wpb_column vc_column_container\"><div class=\"vc_column-inner us_custom_a75036ab\"><div class=\"wpb_wrapper\"><div class=\"g-cols wpb_row via_flex valign_top type_default stacking_default\"><div class=\"vc_col-sm-2 wpb_column vc_column_container\"><div class=\"vc_column-inner\"><div class=\"wpb_wrapper\"><\/div><\/div><\/div><div class=\"vc_col-sm-8 wpb_column vc_column_container\"><div class=\"vc_column-inner\"><div class=\"wpb_wrapper\"><h4 class=\"w-text us_custom_492179a4\"><span class=\"w-text-h\"><span class=\"w-text-value\">Vid\u00e9odocumentaire<\/span><\/span><\/h4><div class=\"wpb_text_column\"><div class=\"wpb_wrapper\"><p><strong>D\u00e9couvrez le voyage cr\u00e9atif de <em data-start=\"182\" data-end=\"203\">Caravaggio The Game<\/em> en utilisant les voix des artistes qu&rsquo;ils ont r\u00e9alis\u00e9s.<br \/>\n<\/strong>Un vid\u00e9odocumentaire qui explore la d\u00e9couverte de l&rsquo;art, de l&rsquo;histoire et de la technologie, transformant le g\u00e9nie du Caravage en une exp\u00e9rience immersive et innovante. Regardez la vid\u00e9o et lancez-vous !<\/p>\n<\/div><\/div><\/div><\/div><\/div><div class=\"vc_col-sm-2 wpb_column vc_column_container\"><div class=\"vc_column-inner\"><div class=\"wpb_wrapper\"><\/div><\/div><\/div><\/div><div class=\"w-separator size_medium\"><\/div><div class=\"w-video us_custom_76b7154d align_none ratio_16x9 has_border_radius has_iframe\"><div class=\"w-video-h\"><iframe title=\"Youtube video player\" src=\"\/\/www.youtube.com\/embed\/fMatlEHnbfY?autoplay=0&controls=1&origin=https:\/\/www.caravaggiogame.com\/fr\/&loop=1&mute=0&playlist=fMatlEHnbfY\" allowfullscreen=\"1\" loading=\"lazy\"><\/iframe><\/div><div class=\"w-video-icon\" style=\"font-size:1.5rem;background:rgba(0,0,0,0.5);color:#fff\"><\/div><\/div><div class=\"w-separator size_medium\"><\/div><div class=\"g-cols wpb_row via_flex valign_top type_default stacking_default\"><div class=\"vc_col-sm-2 wpb_column vc_column_container\"><div class=\"vc_column-inner\"><div class=\"wpb_wrapper\"><\/div><\/div><\/div><div class=\"vc_col-sm-8 wpb_column vc_column_container\"><div class=\"vc_column-inner\"><div class=\"wpb_wrapper\"><div class=\"w-separator us_custom_8f5ab1e2 size_custom\" style=\"height:3px\"><\/div><div class=\"w-separator size_small\"><\/div><div class=\"wpb_text_column\"><div class=\"wpb_wrapper\"><p><strong>un projet de Zelda Teatro<\/strong> <strong>en collaboration avec Scuola Internazionale di Comics di Padova<\/strong><\/p>\n<\/div><\/div><div class=\"w-separator size_small\"><\/div><div class=\"wpb_text_column\"><div class=\"wpb_wrapper\"><p><em>R\u00e9alis\u00e9 gr\u00e2ce au financement\u2028TOCC 2023 M1C3 Sub-Investimento 3.3.2\u2028Unione Europea \u2013 Next Generation EU \u2013 PNRR Transizione Digitale Organismi Culturali e Creativi.<\/em><\/p>\n<\/div><\/div><\/div><\/div><\/div><div class=\"vc_col-sm-2 wpb_column vc_column_container\"><div class=\"vc_column-inner\"><div class=\"wpb_wrapper\"><\/div><\/div><\/div><\/div><\/div><\/div><\/div><\/div><\/div><\/section><section class=\"l-section wpb_row height_small\" id=\"demoinfo\"><div class=\"l-section-overlay\" style=\"background:var(--color-content-bg-alt)\"><\/div><div class=\"l-section-h i-cf\"><div class=\"g-cols vc_row via_flex valign_middle type_default stacking_default\"><div class=\"vc_col-sm-6 wpb_column vc_column_container\"><div class=\"vc_column-inner\"><div class=\"wpb_wrapper\"><h3 class=\"w-text us_custom_4edec70e has_text_color\"><span class=\"w-text-h\"><span class=\"w-text-value\">Jouer la d\u00e9mo maintenant<\/span><\/span><\/h3><\/div><\/div><\/div><div class=\"vc_col-sm-6 wpb_column vc_column_container\"><div class=\"vc_column-inner\"><div class=\"wpb_wrapper\"><div class=\"w-btn-wrapper align_center\"><a class=\"w-btn us-btn-style_6\" href=\"https:\/\/www.caravaggiogame.com\/fr\/caravaggio-the-game-demo\/\"><span class=\"w-btn-label\">Lien vers la section jouable du ordinateur<\/span><\/a><\/div><\/div><\/div><\/div><\/div><\/div><\/section><section class=\"l-section wpb_row height_large color_footer-bottom with_img parallax_ver parallaxdir_reversed\"><div class=\"l-section-img\" role=\"img\" data-img-width=\"2560\" data-img-height=\"1830\" style=\"background-image: url(https:\/\/www.caravaggiogame.com\/wp-content\/uploads\/2024\/05\/GettyImages-973792690-scaled-1.webp);background-repeat: no-repeat;background-size: auto;\"><\/div><div class=\"l-section-overlay\" style=\"background:rgba(0,0,0,0.45)\"><\/div><div class=\"l-section-h i-cf\"><div class=\"g-cols vc_row via_flex valign_top type_default stacking_default\"><div class=\"vc_col-sm-12 wpb_column vc_column_container\"><div class=\"vc_column-inner\"><div class=\"wpb_wrapper\"><h2 class=\"w-text us_custom_52e230d7 has_text_color us_animate_this\"><span class=\"w-text-h\"><span class=\"w-text-value\">Pour collaborer<br \/>\nContactez-nous<\/span><\/span><\/h2><div class=\"w-btn-wrapper align_none\"><a class=\"w-btn us-btn-style_2\" href=\"https:\/\/www.caravaggiogame.com\/fr\/contact\/\"><span class=\"w-btn-label\">SI VOUS SOUHAITEZ EN SAVOIR PLUS SUR LE PROJET OU LE SOUTENIR, VEUILLEZ NOUS CONTACTER<\/span><\/a><\/div><\/div><\/div><\/div><\/div><\/div><\/section>\n","protected":false},"excerpt":{"rendered":"Vid\u00e9odocumentaireD\u00e9couvrez le voyage cr\u00e9atif de Caravaggio The Game en utilisant les voix des artistes qu&rsquo;ils ont r\u00e9alis\u00e9s. Un vid\u00e9odocumentaire qui explore la d\u00e9couverte de l&rsquo;art, de l&rsquo;histoire et de la technologie, transformant le g\u00e9nie du Caravage en une exp\u00e9rience immersive et innovante. Regardez la vid\u00e9o et lancez-vous ! un projet de Zelda Teatro en collaboration...","protected":false},"author":1,"featured_media":0,"parent":0,"menu_order":0,"comment_status":"closed","ping_status":"closed","template":"","meta":{"footnotes":""},"yoast_head":"<!-- This site is optimized with the Yoast SEO plugin v23.1 - https:\/\/yoast.com\/wordpress\/plugins\/seo\/ -->\n<title>Documentaire - Caravaggio: The Game<\/title>\n<meta name=\"robots\" content=\"index, follow, max-snippet:-1, max-image-preview:large, max-video-preview:-1\" \/>\n<link rel=\"canonical\" href=\"https:\/\/www.caravaggiogame.com\/fr\/documentaire\/\" \/>\n<meta property=\"og:locale\" content=\"fr_FR\" \/>\n<meta property=\"og:type\" content=\"article\" \/>\n<meta property=\"og:title\" content=\"Documentaire - Caravaggio: The Game\" \/>\n<meta property=\"og:url\" content=\"https:\/\/www.caravaggiogame.com\/fr\/documentaire\/\" \/>\n<meta property=\"og:site_name\" content=\"Caravaggio: The Game\" \/>\n<meta property=\"article:publisher\" content=\"https:\/\/www.facebook.com\/ZeldaTeatro\/\" \/>\n<meta property=\"article:modified_time\" content=\"2025-03-13T14:32:42+00:00\" \/>\n<meta property=\"og:image\" content=\"https:\/\/www.caravaggiogame.com\/wp-content\/uploads\/2024\/05\/CaravaggioGame-header-01.webp\" \/>\n\t<meta property=\"og:image:width\" content=\"1920\" \/>\n\t<meta property=\"og:image:height\" content=\"1080\" \/>\n\t<meta property=\"og:image:type\" content=\"image\/webp\" \/>\n<meta name=\"twitter:card\" content=\"summary_large_image\" \/>\n<script type=\"application\/ld+json\" class=\"yoast-schema-graph\">{\"@context\":\"https:\/\/schema.org\",\"@graph\":[{\"@type\":\"WebPage\",\"@id\":\"https:\/\/www.caravaggiogame.com\/fr\/documentaire\/\",\"url\":\"https:\/\/www.caravaggiogame.com\/fr\/documentaire\/\",\"name\":\"Documentaire - Caravaggio: The Game\",\"isPartOf\":{\"@id\":\"https:\/\/www.caravaggiogame.com\/fr\/#website\"},\"datePublished\":\"2025-03-13T14:27:31+00:00\",\"dateModified\":\"2025-03-13T14:32:42+00:00\",\"breadcrumb\":{\"@id\":\"https:\/\/www.caravaggiogame.com\/fr\/documentaire\/#breadcrumb\"},\"inLanguage\":\"fr-FR\",\"potentialAction\":[{\"@type\":\"ReadAction\",\"target\":[\"https:\/\/www.caravaggiogame.com\/fr\/documentaire\/\"]}]},{\"@type\":\"BreadcrumbList\",\"@id\":\"https:\/\/www.caravaggiogame.com\/fr\/documentaire\/#breadcrumb\",\"itemListElement\":[{\"@type\":\"ListItem\",\"position\":1,\"name\":\"Home\",\"item\":\"https:\/\/www.caravaggiogame.com\/fr\/\"},{\"@type\":\"ListItem\",\"position\":2,\"name\":\"Documentaire\"}]},{\"@type\":\"WebSite\",\"@id\":\"https:\/\/www.caravaggiogame.com\/fr\/#website\",\"url\":\"https:\/\/www.caravaggiogame.com\/fr\/\",\"name\":\"Caravaggio: The Game\",\"description\":\"videogioco educativo\",\"publisher\":{\"@id\":\"https:\/\/www.caravaggiogame.com\/fr\/#organization\"},\"alternateName\":\"Progetto INT.AR.S - Zelda Teatro\",\"potentialAction\":[{\"@type\":\"SearchAction\",\"target\":{\"@type\":\"EntryPoint\",\"urlTemplate\":\"https:\/\/www.caravaggiogame.com\/fr\/?s={search_term_string}\"},\"query-input\":\"required name=search_term_string\"}],\"inLanguage\":\"fr-FR\"},{\"@type\":\"Organization\",\"@id\":\"https:\/\/www.caravaggiogame.com\/fr\/#organization\",\"name\":\"Progetto INT.AR.S - Zelda Teatro\",\"alternateName\":\"Caravaggio The Game\",\"url\":\"https:\/\/www.caravaggiogame.com\/fr\/\",\"logo\":{\"@type\":\"ImageObject\",\"inLanguage\":\"fr-FR\",\"@id\":\"https:\/\/www.caravaggiogame.com\/fr\/#\/schema\/logo\/image\/\",\"url\":\"https:\/\/www.caravaggiogame.com\/wp-content\/uploads\/2024\/05\/logo-Caravaggio-The-Game.webp\",\"contentUrl\":\"https:\/\/www.caravaggiogame.com\/wp-content\/uploads\/2024\/05\/logo-Caravaggio-The-Game.webp\",\"width\":900,\"height\":274,\"caption\":\"Progetto INT.AR.S - Zelda Teatro\"},\"image\":{\"@id\":\"https:\/\/www.caravaggiogame.com\/fr\/#\/schema\/logo\/image\/\"},\"sameAs\":[\"https:\/\/www.facebook.com\/ZeldaTeatro\/\"]}]}<\/script>\n<!-- \/ Yoast SEO plugin. -->","yoast_head_json":{"title":"Documentaire - Caravaggio: The Game","robots":{"index":"index","follow":"follow","max-snippet":"max-snippet:-1","max-image-preview":"max-image-preview:large","max-video-preview":"max-video-preview:-1"},"canonical":"https:\/\/www.caravaggiogame.com\/fr\/documentaire\/","og_locale":"fr_FR","og_type":"article","og_title":"Documentaire - Caravaggio: The Game","og_url":"https:\/\/www.caravaggiogame.com\/fr\/documentaire\/","og_site_name":"Caravaggio: The Game","article_publisher":"https:\/\/www.facebook.com\/ZeldaTeatro\/","article_modified_time":"2025-03-13T14:32:42+00:00","og_image":[{"width":1920,"height":1080,"url":"https:\/\/www.caravaggiogame.com\/wp-content\/uploads\/2024\/05\/CaravaggioGame-header-01.webp","type":"image\/webp"}],"twitter_card":"summary_large_image","schema":{"@context":"https:\/\/schema.org","@graph":[{"@type":"WebPage","@id":"https:\/\/www.caravaggiogame.com\/fr\/documentaire\/","url":"https:\/\/www.caravaggiogame.com\/fr\/documentaire\/","name":"Documentaire - Caravaggio: The Game","isPartOf":{"@id":"https:\/\/www.caravaggiogame.com\/fr\/#website"},"datePublished":"2025-03-13T14:27:31+00:00","dateModified":"2025-03-13T14:32:42+00:00","breadcrumb":{"@id":"https:\/\/www.caravaggiogame.com\/fr\/documentaire\/#breadcrumb"},"inLanguage":"fr-FR","potentialAction":[{"@type":"ReadAction","target":["https:\/\/www.caravaggiogame.com\/fr\/documentaire\/"]}]},{"@type":"BreadcrumbList","@id":"https:\/\/www.caravaggiogame.com\/fr\/documentaire\/#breadcrumb","itemListElement":[{"@type":"ListItem","position":1,"name":"Home","item":"https:\/\/www.caravaggiogame.com\/fr\/"},{"@type":"ListItem","position":2,"name":"Documentaire"}]},{"@type":"WebSite","@id":"https:\/\/www.caravaggiogame.com\/fr\/#website","url":"https:\/\/www.caravaggiogame.com\/fr\/","name":"Caravaggio: The Game","description":"videogioco educativo","publisher":{"@id":"https:\/\/www.caravaggiogame.com\/fr\/#organization"},"alternateName":"Progetto INT.AR.S - Zelda Teatro","potentialAction":[{"@type":"SearchAction","target":{"@type":"EntryPoint","urlTemplate":"https:\/\/www.caravaggiogame.com\/fr\/?s={search_term_string}"},"query-input":"required name=search_term_string"}],"inLanguage":"fr-FR"},{"@type":"Organization","@id":"https:\/\/www.caravaggiogame.com\/fr\/#organization","name":"Progetto INT.AR.S - Zelda Teatro","alternateName":"Caravaggio The Game","url":"https:\/\/www.caravaggiogame.com\/fr\/","logo":{"@type":"ImageObject","inLanguage":"fr-FR","@id":"https:\/\/www.caravaggiogame.com\/fr\/#\/schema\/logo\/image\/","url":"https:\/\/www.caravaggiogame.com\/wp-content\/uploads\/2024\/05\/logo-Caravaggio-The-Game.webp","contentUrl":"https:\/\/www.caravaggiogame.com\/wp-content\/uploads\/2024\/05\/logo-Caravaggio-The-Game.webp","width":900,"height":274,"caption":"Progetto INT.AR.S - Zelda Teatro"},"image":{"@id":"https:\/\/www.caravaggiogame.com\/fr\/#\/schema\/logo\/image\/"},"sameAs":["https:\/\/www.facebook.com\/ZeldaTeatro\/"]}]}},"_links":{"self":[{"href":"https:\/\/www.caravaggiogame.com\/fr\/wp-json\/wp\/v2\/pages\/3816"}],"collection":[{"href":"https:\/\/www.caravaggiogame.com\/fr\/wp-json\/wp\/v2\/pages"}],"about":[{"href":"https:\/\/www.caravaggiogame.com\/fr\/wp-json\/wp\/v2\/types\/page"}],"author":[{"embeddable":true,"href":"https:\/\/www.caravaggiogame.com\/fr\/wp-json\/wp\/v2\/users\/1"}],"replies":[{"embeddable":true,"href":"https:\/\/www.caravaggiogame.com\/fr\/wp-json\/wp\/v2\/comments?post=3816"}],"version-history":[{"count":7,"href":"https:\/\/www.caravaggiogame.com\/fr\/wp-json\/wp\/v2\/pages\/3816\/revisions"}],"predecessor-version":[{"id":3838,"href":"https:\/\/www.caravaggiogame.com\/fr\/wp-json\/wp\/v2\/pages\/3816\/revisions\/3838"}],"wp:attachment":[{"href":"https:\/\/www.caravaggiogame.com\/fr\/wp-json\/wp\/v2\/media?parent=3816"}],"curies":[{"name":"wp","href":"https:\/\/api.w.org\/{rel}","templated":true}]}}