{"id":3743,"date":"2024-05-30T23:29:25","date_gmt":"2024-05-30T21:29:25","guid":{"rendered":"https:\/\/www.caravaggiogame.com\/projet-int-ar-s\/"},"modified":"2024-11-07T17:32:05","modified_gmt":"2024-11-07T16:32:05","slug":"projet-int-ar-s","status":"publish","type":"page","link":"https:\/\/www.caravaggiogame.com\/fr\/projet-int-ar-s\/","title":{"rendered":"Projet INT.AR.S"},"content":{"rendered":"<section class=\"l-section wpb_row height_large\" id=\"services\"><div class=\"l-section-h i-cf\"><div class=\"g-cols vc_row via_flex valign_top type_default stacking_default\"><div class=\"vc_col-sm-5 wpb_column vc_column_container\"><div class=\"vc_column-inner us_custom_a75036ab\"><div class=\"wpb_wrapper\"><h4 class=\"w-text\"><span class=\"w-text-h\"><span class=\"w-text-value\">Le projet INT.AR.S. INTeractive ARts Stories<br \/>\n<\/span><\/span><\/h4><div class=\"wpb_text_column\"><div class=\"wpb_wrapper\"><p><strong>un projet de Zelda Teatro<\/strong><br \/>\n<strong>en collaboration avec la<br \/>\nScuola Internazionale di Comics di Padova<\/strong><\/p>\n<\/div><\/div><div class=\"w-separator size_small\"><\/div><div class=\"w-image us_custom_648b1126 us_animate_this align_center\"><div class=\"w-image-h\"><img decoding=\"async\" width=\"656\" height=\"141\" src=\"https:\/\/www.caravaggiogame.com\/wp-content\/uploads\/2024\/05\/logo-Zelda-scuro.webp\" class=\"attachment-large size-large\" alt=\"\" loading=\"lazy\" srcset=\"https:\/\/www.caravaggiogame.com\/wp-content\/uploads\/2024\/05\/logo-Zelda-scuro.webp 656w, https:\/\/www.caravaggiogame.com\/wp-content\/uploads\/2024\/05\/logo-Zelda-scuro-300x64.webp 300w\" sizes=\"(max-width: 656px) 100vw, 656px\" \/><\/div><\/div><div class=\"w-separator size_small\"><\/div><div class=\"w-image us_custom_46816b38 us_animate_this align_center\"><div class=\"w-image-h\"><img decoding=\"async\" width=\"1024\" height=\"367\" src=\"https:\/\/www.caravaggiogame.com\/wp-content\/uploads\/2024\/05\/Logo-Nuovo-Scuola-Internazionale-Comics-Nero-1024x367.webp\" class=\"attachment-large size-large\" alt=\"\" loading=\"lazy\" srcset=\"https:\/\/www.caravaggiogame.com\/wp-content\/uploads\/2024\/05\/Logo-Nuovo-Scuola-Internazionale-Comics-Nero-1024x367.webp 1024w, https:\/\/www.caravaggiogame.com\/wp-content\/uploads\/2024\/05\/Logo-Nuovo-Scuola-Internazionale-Comics-Nero-300x107.webp 300w, https:\/\/www.caravaggiogame.com\/wp-content\/uploads\/2024\/05\/Logo-Nuovo-Scuola-Internazionale-Comics-Nero.webp 1747w\" sizes=\"(max-width: 1024px) 100vw, 1024px\" \/><\/div><\/div><div class=\"w-separator size_medium\"><\/div><div class=\"w-separator us_custom_8f5ab1e2 size_custom\" style=\"height:3px\"><\/div><div class=\"w-separator size_small\"><\/div><div class=\"wpb_text_column\"><div class=\"wpb_wrapper\"><p><em>R\u00e9alis\u00e9 gr\u00e2ce au financement\u2028TOCC 2023 M1C3 Sub-Investimento 3.3.2\u2028Unione Europea \u2013 Next Generation EU \u2013 PNRR Transizione Digitale Organismi Culturali e Creativi.<\/em><\/p>\n<\/div><\/div><div class=\"w-separator size_small\"><\/div><\/div><\/div><\/div><div class=\"vc_col-sm-7 wpb_column vc_column_container\"><div class=\"vc_column-inner\"><div class=\"wpb_wrapper\"><div class=\"w-video us_custom_76b7154d align_none ratio_16x9 has_border_radius has_iframe\"><div class=\"w-video-h\"><iframe title=\"Youtube video player\" src=\"\/\/www.youtube.com\/embed\/gYhtFOHZZXY?autoplay=0&controls=1&origin=https:\/\/www.caravaggiogame.com\/fr\/&loop=1&mute=0&playlist=gYhtFOHZZXY\" allowfullscreen=\"1\" loading=\"lazy\"><\/iframe><\/div><div class=\"w-video-icon\" style=\"font-size:1.5rem;background:rgba(0,0,0,0.5);color:#fff\"><\/div><\/div><div class=\"w-separator size_small\"><\/div><div class=\"wpb_text_column us_custom_8a5335f7\"><div class=\"wpb_wrapper\"><p><i>INT.AR.S. INTeractive ARts Stories &#8211; Stefano Tamiazzo<br \/>\nDirecteur artistique Scuola Internazionale Comics Padova <\/i><\/p>\n<\/div><\/div><div class=\"w-separator size_medium\"><\/div><\/div><\/div><\/div><\/div><\/div><\/section><section class=\"l-section wpb_row height_large\"><div class=\"l-section-overlay\" style=\"background:var(--color-content-bg-alt)\"><\/div><div class=\"l-section-h i-cf\"><div class=\"g-cols vc_row via_flex valign_top type_default stacking_default\"><div class=\"vc_col-sm-6 wpb_column vc_column_container\"><div class=\"vc_column-inner us_custom_0728b4ce\"><div class=\"wpb_wrapper\"><div class=\"w-image us_custom_d3a12036 style_shadow-2 align_center has_bg_color\"><div class=\"w-image-h\"><div class=\"w-image-shadow\" style=\"background-image:url(https:\/\/www.caravaggiogame.com\/wp-content\/uploads\/2024\/05\/COPERTINA-COLORE-VERT-576x1024.webp);\"><\/div><img decoding=\"async\" width=\"576\" height=\"1024\" src=\"https:\/\/www.caravaggiogame.com\/wp-content\/uploads\/2024\/05\/COPERTINA-COLORE-VERT-576x1024.webp\" class=\"attachment-large size-large\" alt=\"\" loading=\"lazy\" srcset=\"https:\/\/www.caravaggiogame.com\/wp-content\/uploads\/2024\/05\/COPERTINA-COLORE-VERT-576x1024.webp 576w, https:\/\/www.caravaggiogame.com\/wp-content\/uploads\/2024\/05\/COPERTINA-COLORE-VERT-169x300.webp 169w, https:\/\/www.caravaggiogame.com\/wp-content\/uploads\/2024\/05\/COPERTINA-COLORE-VERT.webp 1080w\" sizes=\"(max-width: 576px) 100vw, 576px\" \/><\/div><\/div><div class=\"w-separator size_medium\"><\/div><\/div><\/div><\/div><div class=\"vc_col-sm-6 wpb_column vc_column_container\"><div class=\"vc_column-inner\"><div class=\"wpb_wrapper\"><div class=\"g-cols wpb_row via_flex valign_top type_default stacking_default\"><div class=\"vc_col-sm-12 wpb_column vc_column_container\"><div class=\"vc_column-inner us_custom_60e9caca us_animate_this\"><div class=\"wpb_wrapper\"><h3 class=\"w-text us_custom_0f1572b7\"><span class=\"w-text-h\"><span class=\"w-text-value\">L&#039;id\u00e9e du jeu vid\u00e9o<\/span><\/span><\/h3><div class=\"wpb_text_column\"><div class=\"wpb_wrapper\"><p><em>Caravaggio The Game<\/em> est un jeu vid\u00e9o \u00e9ducatif qui transporte les joueurs dans le monde dynamique et vital de l&rsquo;art italien du XVIIe si\u00e8cle. <br \/><strong>En tant que jeune apprenti dans l&rsquo;atelier du Caravage, les joueurs s&rsquo;aventureront dans les rues de Rome et d&rsquo;autres villes rencontr\u00e9es au cours de la vie tumultueuse du peintre,<\/strong> per\u00e7ant les myst\u00e8res qui se cachent derri\u00e8re les \u0153uvres du ma\u00eetre.<\/p>\n<p><strong>Le jeu est con\u00e7u pour \u00eatre \u00e0 la fois \u00e9ducatif et captivant, combinant des \u00e9l\u00e9ments d&rsquo;exploration, de r\u00e9solution d&rsquo;\u00e9nigmes artistiques et de quiz historiques.<\/strong> Les joueurs assistent le Caravaggio dans la cr\u00e9ation de ses chefs-d&rsquo;\u0153uvre, apprennent les techniques de peinture et d\u00e9couvrent les histoires qui ont inspir\u00e9 ses \u0153uvres. <br \/><strong>L&rsquo;exp\u00e9rience de jeu se d\u00e9roule \u00e0 travers une s\u00e9rie de missions qui les obligent \u00e0 observer attentivement les d\u00e9tails, \u00e0 r\u00e9soudre des \u00e9nigmes bas\u00e9es sur des principes artistiques et \u00e0 recueillir des informations historiques.<\/strong> Gr\u00e2ce \u00e0 une narration captivante et \u00e0 des graphismes extraordinaires, le jeu offre une fen\u00eatre sur le monde turbulent et fascinant du Caravaggio, montrant \u00e0 la fois son g\u00e9nie artistique et sa personnalit\u00e9 complexe. La conception de la compagnie th\u00e9\u00e2trale Zelda Teatro a apport\u00e9 une dimension th\u00e9\u00e2trale unique au projet. <br \/>Gr\u00e2ce aux connaissances techniques de la compagnie, <strong>les sc\u00e8nes et les dialogues de la pi\u00e8ce sont d\u00e9velopp\u00e9s avec l&rsquo;id\u00e9e principale de l&rsquo;interactivit\u00e9 et de l&rsquo;implication de l&rsquo;utilisateur, et enrichis de performances vocales et d&rsquo;animations r\u00e9alistes<\/strong>, ce qui rend la narration encore plus dynamique et cross-m\u00e9dia. <br \/><strong>Des acteurs du Zelda Teatro donneront vie aux voix des personnages historiques<\/strong>, offrant des interpr\u00e9tations qui capturent l&rsquo;essence de l&rsquo;\u00e9poque et du contexte artistique de Caravaggio. <br \/><strong>Gr\u00e2ce \u00e0 la collaboration avec l&rsquo;\u00c9cole internationale de la bande dessin\u00e9e de Padoue, le jeu offre une qualit\u00e9 visuelle et narrative impressionnante<\/strong>. Les praticiens artistiques employ\u00e9s dans les diff\u00e9rents domaines de la conception et de la r\u00e9alisation de jeux vid\u00e9o ont contribu\u00e9 \u00e0 la cr\u00e9ation d&rsquo;un cadre visuel authentique et d\u00e9taill\u00e9, ainsi qu&rsquo;\u00e0 l&rsquo;\u00e9laboration d&rsquo;un jeu qui allie plaisir et apprentissage. Ce partenariat a permis l&rsquo;int\u00e9gration d&rsquo;\u00e9l\u00e9ments artistiques pr\u00e9cis et d&rsquo;une narration captivante dans le jeu, enrichissant l&rsquo;exp\u00e9rience \u00e9ducative d&rsquo;une touche d&rsquo;excellence cr\u00e9ative. <br \/><strong><em>Caravaggio The Game<\/em> a pour but d&rsquo;inspirer et d&rsquo;\u00e9duquer, en permettant aux joueurs de se plonger dans l&rsquo;histoire de l&rsquo;art de mani\u00e8re interactive et divertissante<\/strong>, tout en d\u00e9couvrant les secrets et les techniques qui ont fait de Caravaggio l&rsquo;un des plus grands artistes de tous les temps. <br \/><strong>Gr\u00e2ce \u00e0 la collaboration avec l&rsquo;\u00c9cole internationale de bande dessin\u00e9e de Padoue et la compagnie th\u00e9\u00e2trale Zelda Teatro, ce projet repr\u00e9sente un m\u00e9lange parfait d&rsquo;\u00e9ducation, de divertissement et de th\u00e9\u00e2tre, \u00e9levant l&rsquo;apprentissage de l&rsquo;art \u00e0 un nouveau niveau d&rsquo;implication et de qualit\u00e9<\/strong>.<\/p>\n<\/div><\/div><\/div><\/div><\/div><\/div><div class=\"w-separator size_medium\"><\/div><\/div><\/div><\/div><\/div><\/div><\/section><section class=\"l-section wpb_row height_large color_footer-bottom with_img parallax_ver parallaxdir_reversed\"><div class=\"l-section-img\" role=\"img\" data-img-width=\"2560\" data-img-height=\"1830\" style=\"background-image: url(https:\/\/www.caravaggiogame.com\/wp-content\/uploads\/2024\/05\/GettyImages-973792690-scaled-1.webp);background-repeat: no-repeat;background-size: auto;\"><\/div><div class=\"l-section-overlay\" style=\"background:rgba(0,0,0,0.45)\"><\/div><div class=\"l-section-h i-cf\"><div class=\"g-cols vc_row via_flex valign_top type_default stacking_default\"><div class=\"vc_col-sm-12 wpb_column vc_column_container\"><div class=\"vc_column-inner\"><div class=\"wpb_wrapper\"><h2 class=\"w-text us_custom_52e230d7 has_text_color us_animate_this\"><span class=\"w-text-h\"><span class=\"w-text-value\">Pour collaborer<br \/>\nContactez-nous<\/span><\/span><\/h2><div class=\"w-btn-wrapper align_none\"><a class=\"w-btn us-btn-style_2\" href=\"https:\/\/www.caravaggiogame.com\/fr\/contact\/\"><span class=\"w-btn-label\">SI VOUS SOUHAITEZ EN SAVOIR PLUS SUR LE PROJET OU LE SOUTENIR, VEUILLEZ NOUS CONTACTER<\/span><\/a><\/div><\/div><\/div><\/div><\/div><\/div><\/section><section class=\"l-section wpb_row height_small\" id=\"demoinfo\"><div class=\"l-section-overlay\" style=\"background:var(--color-content-bg-alt)\"><\/div><div class=\"l-section-h i-cf\"><div class=\"g-cols vc_row via_flex valign_middle type_default stacking_default\"><div class=\"vc_col-sm-6 wpb_column vc_column_container\"><div class=\"vc_column-inner\"><div class=\"wpb_wrapper\"><h3 class=\"w-text us_custom_4edec70e has_text_color\"><span class=\"w-text-h\"><span class=\"w-text-value\">Jouer la d\u00e9mo maintenant<\/span><\/span><\/h3><\/div><\/div><\/div><div class=\"vc_col-sm-6 wpb_column vc_column_container\"><div class=\"vc_column-inner\"><div class=\"wpb_wrapper\"><div class=\"w-btn-wrapper align_center\"><a class=\"w-btn us-btn-style_6\" href=\"https:\/\/www.caravaggiogame.com\/fr\/caravaggio-the-game-demo\/\"><span class=\"w-btn-label\">Lien vers la section jouable du ordinateur<\/span><\/a><\/div><\/div><\/div><\/div><\/div><\/div><\/section>\n","protected":false},"excerpt":{"rendered":"Le projet INT.AR.S. INTeractive ARts Stories un projet de Zelda Teatro en collaboration avec la Scuola Internazionale di Comics di Padova R\u00e9alis\u00e9 gr\u00e2ce au financement\u2028TOCC 2023 M1C3 Sub-Investimento 3.3.2\u2028Unione Europea \u2013 Next Generation EU \u2013 PNRR Transizione Digitale Organismi Culturali e Creativi. INT.AR.S. INTeractive ARts Stories &#8211; Stefano Tamiazzo Directeur artistique Scuola Internazionale Comics Padova...","protected":false},"author":1,"featured_media":0,"parent":0,"menu_order":0,"comment_status":"closed","ping_status":"closed","template":"","meta":{"footnotes":""},"yoast_head":"<!-- This site is optimized with the Yoast SEO plugin v23.1 - https:\/\/yoast.com\/wordpress\/plugins\/seo\/ -->\n<title>Projet INT.AR.S - Caravaggio: The Game<\/title>\n<meta name=\"robots\" content=\"index, follow, max-snippet:-1, max-image-preview:large, max-video-preview:-1\" \/>\n<link rel=\"canonical\" href=\"https:\/\/www.caravaggiogame.com\/fr\/projet-int-ar-s\/\" \/>\n<meta property=\"og:locale\" content=\"fr_FR\" \/>\n<meta property=\"og:type\" content=\"article\" \/>\n<meta property=\"og:title\" content=\"Projet INT.AR.S - Caravaggio: The Game\" \/>\n<meta property=\"og:url\" content=\"https:\/\/www.caravaggiogame.com\/fr\/projet-int-ar-s\/\" \/>\n<meta property=\"og:site_name\" content=\"Caravaggio: The Game\" \/>\n<meta property=\"article:publisher\" content=\"https:\/\/www.facebook.com\/ZeldaTeatro\/\" \/>\n<meta property=\"article:modified_time\" content=\"2024-11-07T16:32:05+00:00\" \/>\n<meta property=\"og:image\" content=\"https:\/\/www.caravaggiogame.com\/wp-content\/uploads\/2024\/05\/CaravaggioGame-header-01.webp\" \/>\n\t<meta property=\"og:image:width\" content=\"1920\" \/>\n\t<meta property=\"og:image:height\" content=\"1080\" \/>\n\t<meta property=\"og:image:type\" content=\"image\/webp\" \/>\n<meta name=\"twitter:card\" content=\"summary_large_image\" \/>\n<script type=\"application\/ld+json\" class=\"yoast-schema-graph\">{\"@context\":\"https:\/\/schema.org\",\"@graph\":[{\"@type\":\"WebPage\",\"@id\":\"https:\/\/www.caravaggiogame.com\/fr\/projet-int-ar-s\/\",\"url\":\"https:\/\/www.caravaggiogame.com\/fr\/projet-int-ar-s\/\",\"name\":\"Projet INT.AR.S - Caravaggio: The Game\",\"isPartOf\":{\"@id\":\"https:\/\/www.caravaggiogame.com\/fr\/#website\"},\"datePublished\":\"2024-05-30T21:29:25+00:00\",\"dateModified\":\"2024-11-07T16:32:05+00:00\",\"breadcrumb\":{\"@id\":\"https:\/\/www.caravaggiogame.com\/fr\/projet-int-ar-s\/#breadcrumb\"},\"inLanguage\":\"fr-FR\",\"potentialAction\":[{\"@type\":\"ReadAction\",\"target\":[\"https:\/\/www.caravaggiogame.com\/fr\/projet-int-ar-s\/\"]}]},{\"@type\":\"BreadcrumbList\",\"@id\":\"https:\/\/www.caravaggiogame.com\/fr\/projet-int-ar-s\/#breadcrumb\",\"itemListElement\":[{\"@type\":\"ListItem\",\"position\":1,\"name\":\"Home\",\"item\":\"https:\/\/www.caravaggiogame.com\/fr\/\"},{\"@type\":\"ListItem\",\"position\":2,\"name\":\"Projet INT.AR.S\"}]},{\"@type\":\"WebSite\",\"@id\":\"https:\/\/www.caravaggiogame.com\/fr\/#website\",\"url\":\"https:\/\/www.caravaggiogame.com\/fr\/\",\"name\":\"Caravaggio: The Game\",\"description\":\"videogioco educativo\",\"publisher\":{\"@id\":\"https:\/\/www.caravaggiogame.com\/fr\/#organization\"},\"alternateName\":\"Progetto INT.AR.S - Zelda Teatro\",\"potentialAction\":[{\"@type\":\"SearchAction\",\"target\":{\"@type\":\"EntryPoint\",\"urlTemplate\":\"https:\/\/www.caravaggiogame.com\/fr\/?s={search_term_string}\"},\"query-input\":\"required name=search_term_string\"}],\"inLanguage\":\"fr-FR\"},{\"@type\":\"Organization\",\"@id\":\"https:\/\/www.caravaggiogame.com\/fr\/#organization\",\"name\":\"Progetto INT.AR.S - Zelda Teatro\",\"alternateName\":\"Caravaggio The Game\",\"url\":\"https:\/\/www.caravaggiogame.com\/fr\/\",\"logo\":{\"@type\":\"ImageObject\",\"inLanguage\":\"fr-FR\",\"@id\":\"https:\/\/www.caravaggiogame.com\/fr\/#\/schema\/logo\/image\/\",\"url\":\"https:\/\/www.caravaggiogame.com\/wp-content\/uploads\/2024\/05\/logo-Caravaggio-The-Game.webp\",\"contentUrl\":\"https:\/\/www.caravaggiogame.com\/wp-content\/uploads\/2024\/05\/logo-Caravaggio-The-Game.webp\",\"width\":900,\"height\":274,\"caption\":\"Progetto INT.AR.S - Zelda Teatro\"},\"image\":{\"@id\":\"https:\/\/www.caravaggiogame.com\/fr\/#\/schema\/logo\/image\/\"},\"sameAs\":[\"https:\/\/www.facebook.com\/ZeldaTeatro\/\"]}]}<\/script>\n<!-- \/ Yoast SEO plugin. -->","yoast_head_json":{"title":"Projet INT.AR.S - Caravaggio: The Game","robots":{"index":"index","follow":"follow","max-snippet":"max-snippet:-1","max-image-preview":"max-image-preview:large","max-video-preview":"max-video-preview:-1"},"canonical":"https:\/\/www.caravaggiogame.com\/fr\/projet-int-ar-s\/","og_locale":"fr_FR","og_type":"article","og_title":"Projet INT.AR.S - Caravaggio: The Game","og_url":"https:\/\/www.caravaggiogame.com\/fr\/projet-int-ar-s\/","og_site_name":"Caravaggio: The Game","article_publisher":"https:\/\/www.facebook.com\/ZeldaTeatro\/","article_modified_time":"2024-11-07T16:32:05+00:00","og_image":[{"width":1920,"height":1080,"url":"https:\/\/www.caravaggiogame.com\/wp-content\/uploads\/2024\/05\/CaravaggioGame-header-01.webp","type":"image\/webp"}],"twitter_card":"summary_large_image","schema":{"@context":"https:\/\/schema.org","@graph":[{"@type":"WebPage","@id":"https:\/\/www.caravaggiogame.com\/fr\/projet-int-ar-s\/","url":"https:\/\/www.caravaggiogame.com\/fr\/projet-int-ar-s\/","name":"Projet INT.AR.S - Caravaggio: The Game","isPartOf":{"@id":"https:\/\/www.caravaggiogame.com\/fr\/#website"},"datePublished":"2024-05-30T21:29:25+00:00","dateModified":"2024-11-07T16:32:05+00:00","breadcrumb":{"@id":"https:\/\/www.caravaggiogame.com\/fr\/projet-int-ar-s\/#breadcrumb"},"inLanguage":"fr-FR","potentialAction":[{"@type":"ReadAction","target":["https:\/\/www.caravaggiogame.com\/fr\/projet-int-ar-s\/"]}]},{"@type":"BreadcrumbList","@id":"https:\/\/www.caravaggiogame.com\/fr\/projet-int-ar-s\/#breadcrumb","itemListElement":[{"@type":"ListItem","position":1,"name":"Home","item":"https:\/\/www.caravaggiogame.com\/fr\/"},{"@type":"ListItem","position":2,"name":"Projet INT.AR.S"}]},{"@type":"WebSite","@id":"https:\/\/www.caravaggiogame.com\/fr\/#website","url":"https:\/\/www.caravaggiogame.com\/fr\/","name":"Caravaggio: The Game","description":"videogioco educativo","publisher":{"@id":"https:\/\/www.caravaggiogame.com\/fr\/#organization"},"alternateName":"Progetto INT.AR.S - Zelda Teatro","potentialAction":[{"@type":"SearchAction","target":{"@type":"EntryPoint","urlTemplate":"https:\/\/www.caravaggiogame.com\/fr\/?s={search_term_string}"},"query-input":"required name=search_term_string"}],"inLanguage":"fr-FR"},{"@type":"Organization","@id":"https:\/\/www.caravaggiogame.com\/fr\/#organization","name":"Progetto INT.AR.S - Zelda Teatro","alternateName":"Caravaggio The Game","url":"https:\/\/www.caravaggiogame.com\/fr\/","logo":{"@type":"ImageObject","inLanguage":"fr-FR","@id":"https:\/\/www.caravaggiogame.com\/fr\/#\/schema\/logo\/image\/","url":"https:\/\/www.caravaggiogame.com\/wp-content\/uploads\/2024\/05\/logo-Caravaggio-The-Game.webp","contentUrl":"https:\/\/www.caravaggiogame.com\/wp-content\/uploads\/2024\/05\/logo-Caravaggio-The-Game.webp","width":900,"height":274,"caption":"Progetto INT.AR.S - Zelda Teatro"},"image":{"@id":"https:\/\/www.caravaggiogame.com\/fr\/#\/schema\/logo\/image\/"},"sameAs":["https:\/\/www.facebook.com\/ZeldaTeatro\/"]}]}},"_links":{"self":[{"href":"https:\/\/www.caravaggiogame.com\/fr\/wp-json\/wp\/v2\/pages\/3743"}],"collection":[{"href":"https:\/\/www.caravaggiogame.com\/fr\/wp-json\/wp\/v2\/pages"}],"about":[{"href":"https:\/\/www.caravaggiogame.com\/fr\/wp-json\/wp\/v2\/types\/page"}],"author":[{"embeddable":true,"href":"https:\/\/www.caravaggiogame.com\/fr\/wp-json\/wp\/v2\/users\/1"}],"replies":[{"embeddable":true,"href":"https:\/\/www.caravaggiogame.com\/fr\/wp-json\/wp\/v2\/comments?post=3743"}],"version-history":[{"count":2,"href":"https:\/\/www.caravaggiogame.com\/fr\/wp-json\/wp\/v2\/pages\/3743\/revisions"}],"predecessor-version":[{"id":3746,"href":"https:\/\/www.caravaggiogame.com\/fr\/wp-json\/wp\/v2\/pages\/3743\/revisions\/3746"}],"wp:attachment":[{"href":"https:\/\/www.caravaggiogame.com\/fr\/wp-json\/wp\/v2\/media?parent=3743"}],"curies":[{"name":"wp","href":"https:\/\/api.w.org\/{rel}","templated":true}]}}