{"id":3740,"date":"2024-05-30T23:12:52","date_gmt":"2024-05-30T21:12:52","guid":{"rendered":"https:\/\/www.caravaggiogame.com\/caravaggio-the-game-demo\/"},"modified":"2025-02-25T16:49:48","modified_gmt":"2025-02-25T15:49:48","slug":"caravaggio-the-game-demo","status":"publish","type":"page","link":"https:\/\/www.caravaggiogame.com\/fr\/caravaggio-the-game-demo\/","title":{"rendered":"Caravaggio The Game Demo"},"content":{"rendered":"<section class=\"l-section wpb_row us_custom_f9d0b101 height_auto color_primary with_img parallax_fixed\"><div class=\"l-section-img\" role=\"img\" data-img-width=\"1920\" data-img-height=\"1080\" style=\"background-image: url(https:\/\/www.caravaggiogame.com\/wp-content\/uploads\/2024\/05\/CaravaggioGame-header-01.webp);background-position: center right;background-repeat: no-repeat;\"><\/div><div class=\"l-section-overlay\" style=\"background:linear-gradient(90deg,rgba(35,15,6,0.90),rgba(54,54,54,0))\"><\/div><div class=\"l-section-h i-cf\"><div class=\"g-cols vc_row via_flex valign_middle type_default stacking_default\"><div class=\"vc_col-sm-12 wpb_column vc_column_container\"><div class=\"vc_column-inner\"><div class=\"wpb_wrapper\"><div class=\"w-separator size_huge\"><\/div><h1 class=\"w-text us_custom_4ad6e95d us_animate_this\"><span class=\"w-text-h\"><span class=\"w-text-value\">Amusez-vous<br \/>\n\u00e0 d\u00e9couvrir les<br \/>\nsecrets de l&#039;artiste<\/span><\/span><\/h1><h2 class=\"w-text us_custom_52682ada us_animate_this\"><span class=\"w-text-h\"><span class=\"w-text-value\">DEMO jouable \u00e0 partir d&#039;un ordinateur<br \/>\nsans avoir besoin d&#039;installer quoi que ce soit<\/span><\/span><\/h2><div class=\"w-separator size_small\"><\/div><div class=\"w-btn-wrapper align_center\"><a class=\"w-btn us-btn-style_5 us_custom_5582c517 icon_atleft text_none\" aria-label=\"Button\" href=\"#intro\"><i class=\"far fa-arrow-circle-down\"><\/i><\/a><\/div><\/div><\/div><\/div><\/div><\/div><\/section><section class=\"l-section wpb_row height_large\" id=\"intro\"><div class=\"l-section-h i-cf\"><div class=\"g-cols vc_row via_flex valign_top type_default stacking_default\"><div class=\"vc_col-sm-2 wpb_column vc_column_container\"><div class=\"vc_column-inner\"><div class=\"wpb_wrapper\"><\/div><\/div><\/div><div data-us-scroll=\"{&quot;from_initial_position&quot;:&quot;1&quot;,&quot;start_position&quot;:&quot;0%&quot;,&quot;end_position&quot;:&quot;100%&quot;,&quot;delay&quot;:&quot;0s&quot;,&quot;scale_direction&quot;:&quot;up&quot;,&quot;scale_speed&quot;:&quot;0.3x&quot;}\" class=\"vc_col-sm-8 wpb_column vc_column_container has_scroll_effects has_scale\"><div class=\"vc_column-inner\"><div class=\"wpb_wrapper\"><div class=\"w-image us_custom_d3a12036 style_shadow-2 align_center has_bg_color\"><div class=\"w-image-h\"><div class=\"w-image-shadow\" style=\"background-image:url(https:\/\/www.caravaggiogame.com\/wp-content\/uploads\/2024\/12\/caravaggio2-1024x570.webp);\"><\/div><img decoding=\"async\" width=\"1024\" height=\"570\" src=\"https:\/\/www.caravaggiogame.com\/wp-content\/uploads\/2024\/12\/caravaggio2-1024x570.webp\" class=\"attachment-large size-large\" alt=\"\" loading=\"lazy\" srcset=\"https:\/\/www.caravaggiogame.com\/wp-content\/uploads\/2024\/12\/caravaggio2-1024x570.webp 1024w, https:\/\/www.caravaggiogame.com\/wp-content\/uploads\/2024\/12\/caravaggio2-300x167.webp 300w, https:\/\/www.caravaggiogame.com\/wp-content\/uploads\/2024\/12\/caravaggio2.webp 1920w\" sizes=\"(max-width: 1024px) 100vw, 1024px\" \/><\/div><\/div><div class=\"w-separator size_medium\"><\/div><\/div><\/div><\/div><div class=\"vc_col-sm-2 wpb_column vc_column_container\"><div class=\"vc_column-inner\"><div class=\"wpb_wrapper\"><\/div><\/div><\/div><\/div><\/div><\/section><section class=\"l-section wpb_row height_large\"><div class=\"l-section-h i-cf\"><div class=\"g-cols vc_row via_flex valign_top type_default stacking_default\"><div class=\"vc_col-sm-2 wpb_column vc_column_container\"><div class=\"vc_column-inner\"><div class=\"wpb_wrapper\"><\/div><\/div><\/div><div class=\"vc_col-sm-8 wpb_column vc_column_container\"><div class=\"vc_column-inner us_custom_a75036ab\"><div class=\"wpb_wrapper\"><h4 class=\"w-text\"><span class=\"w-text-h\"><span class=\"w-text-value\">Caravaggio The Game<\/span><\/span><\/h4><div class=\"wpb_text_column\"><div class=\"wpb_wrapper\"><h5><strong>Synopsis du jeu<\/strong><\/h5>\n<\/div><\/div><div class=\"w-separator size_small\"><\/div><div class=\"w-separator us_custom_8f5ab1e2 size_custom\" style=\"height:3px\"><\/div><div class=\"w-separator size_small\"><\/div><div class=\"wpb_text_column\"><div class=\"wpb_wrapper\"><p>Au c\u0153ur du XVIIe si\u00e8cle, <strong>vous incarnez un gar\u00e7on de boutique<\/strong> d\u00e9sireux d&rsquo;apprendre les techniques et les secrets de l&rsquo;art de la main du ma\u00eetre Michelangelo Merisi, plus connu sous le nom de Caravaggio.<br \/><strong>Votre mission consiste \u00e0 aider le grand peintre \u00e0 cr\u00e9er ses \u0153uvres r\u00e9volutionnaires et \u00e0 relever les d\u00e9fis qui se pr\u00e9sentent \u00e0 lui.<\/strong> <br \/><strong>Explorez les rues anim\u00e9es de Rome et d&rsquo;autres villes italiennes<\/strong> o\u00f9 la vie mouvement\u00e9e du Caravaggio s&rsquo;est d\u00e9roul\u00e9e, <strong>tout en r\u00e9solvant des \u00e9nigmes, des puzzles artistiques et des quiz historiques<\/strong>. Utilisez votre sens de l&rsquo;observation et de la r\u00e9flexion artistique pour d\u00e9chiffrer les indices cach\u00e9s derri\u00e8re les \u0153uvres d&rsquo;art du Caravaggio et d\u00e9couvrir ses secrets de composition et son monde int\u00e9rieur turbulent. Gr\u00e2ce \u00e0 des graphismes \u00e9poustouflants et \u00e0 un gameplay interactif et immersif, Caravaggio The Game vous plonge dans le paysage artistique de ce g\u00e9nie r\u00e9volutionnaire de la peinture et dans le contexte historique dans lequel il a travaill\u00e9, offrant une exp\u00e9rience \u00e9ducative et captivante qui vous laissera inspir\u00e9 par l&rsquo;esprit et la cr\u00e9ativit\u00e9 illimit\u00e9s de Caravaggio.<\/p>\n<\/div><\/div><div class=\"w-separator size_small\"><\/div><div class=\"w-btn-wrapper align_justify\"><a class=\"w-btn us-btn-style_6 us_custom_7801a8e8\" target=\"_blank\" href=\"https:\/\/app.caravaggiogame.com\/\"><span class=\"w-btn-label\">JOUEZ LA D\u00c9MO! (en version non d\u00e9finitive)<br \/><\/span><\/a><\/div><\/div><\/div><\/div><div class=\"vc_col-sm-2 wpb_column vc_column_container\"><div class=\"vc_column-inner\"><div class=\"wpb_wrapper\"><\/div><\/div><\/div><\/div><\/div><\/section>\n","protected":false},"excerpt":{"rendered":"Amusez-vous \u00e0 d\u00e9couvrir les secrets de l&#039;artisteDEMO jouable \u00e0 partir d&#039;un ordinateur sans avoir besoin d&#039;installer quoi que ce soitCaravaggio The GameSynopsis du jeu Au c\u0153ur du XVIIe si\u00e8cle, vous incarnez un gar\u00e7on de boutique d\u00e9sireux d&rsquo;apprendre les techniques et les secrets de l&rsquo;art de la main du ma\u00eetre Michelangelo Merisi, plus connu sous le...","protected":false},"author":1,"featured_media":0,"parent":0,"menu_order":0,"comment_status":"closed","ping_status":"closed","template":"","meta":{"footnotes":""},"yoast_head":"<!-- This site is optimized with the Yoast SEO plugin v23.1 - https:\/\/yoast.com\/wordpress\/plugins\/seo\/ -->\n<title>Caravaggio The Game Demo - Caravaggio: The Game<\/title>\n<meta name=\"robots\" content=\"index, follow, max-snippet:-1, max-image-preview:large, max-video-preview:-1\" \/>\n<link rel=\"canonical\" href=\"https:\/\/www.caravaggiogame.com\/fr\/caravaggio-the-game-demo\/\" \/>\n<meta property=\"og:locale\" content=\"fr_FR\" \/>\n<meta property=\"og:type\" content=\"article\" \/>\n<meta property=\"og:title\" content=\"Caravaggio The Game Demo - Caravaggio: The Game\" \/>\n<meta property=\"og:url\" content=\"https:\/\/www.caravaggiogame.com\/fr\/caravaggio-the-game-demo\/\" \/>\n<meta property=\"og:site_name\" content=\"Caravaggio: The Game\" \/>\n<meta property=\"article:publisher\" content=\"https:\/\/www.facebook.com\/ZeldaTeatro\/\" \/>\n<meta property=\"article:modified_time\" content=\"2025-02-25T15:49:48+00:00\" \/>\n<meta property=\"og:image\" content=\"https:\/\/www.caravaggiogame.com\/wp-content\/uploads\/2024\/05\/CaravaggioGame-header-01.webp\" \/>\n\t<meta property=\"og:image:width\" content=\"1920\" \/>\n\t<meta property=\"og:image:height\" content=\"1080\" \/>\n\t<meta property=\"og:image:type\" content=\"image\/webp\" \/>\n<meta name=\"twitter:card\" content=\"summary_large_image\" \/>\n<script type=\"application\/ld+json\" class=\"yoast-schema-graph\">{\"@context\":\"https:\/\/schema.org\",\"@graph\":[{\"@type\":\"WebPage\",\"@id\":\"https:\/\/www.caravaggiogame.com\/fr\/caravaggio-the-game-demo\/\",\"url\":\"https:\/\/www.caravaggiogame.com\/fr\/caravaggio-the-game-demo\/\",\"name\":\"Caravaggio The Game Demo - Caravaggio: The Game\",\"isPartOf\":{\"@id\":\"https:\/\/www.caravaggiogame.com\/fr\/#website\"},\"datePublished\":\"2024-05-30T21:12:52+00:00\",\"dateModified\":\"2025-02-25T15:49:48+00:00\",\"breadcrumb\":{\"@id\":\"https:\/\/www.caravaggiogame.com\/fr\/caravaggio-the-game-demo\/#breadcrumb\"},\"inLanguage\":\"fr-FR\",\"potentialAction\":[{\"@type\":\"ReadAction\",\"target\":[\"https:\/\/www.caravaggiogame.com\/fr\/caravaggio-the-game-demo\/\"]}]},{\"@type\":\"BreadcrumbList\",\"@id\":\"https:\/\/www.caravaggiogame.com\/fr\/caravaggio-the-game-demo\/#breadcrumb\",\"itemListElement\":[{\"@type\":\"ListItem\",\"position\":1,\"name\":\"Home\",\"item\":\"https:\/\/www.caravaggiogame.com\/fr\/\"},{\"@type\":\"ListItem\",\"position\":2,\"name\":\"Caravaggio The Game Demo\"}]},{\"@type\":\"WebSite\",\"@id\":\"https:\/\/www.caravaggiogame.com\/fr\/#website\",\"url\":\"https:\/\/www.caravaggiogame.com\/fr\/\",\"name\":\"Caravaggio: The Game\",\"description\":\"videogioco educativo\",\"publisher\":{\"@id\":\"https:\/\/www.caravaggiogame.com\/fr\/#organization\"},\"alternateName\":\"Progetto INT.AR.S - Zelda Teatro\",\"potentialAction\":[{\"@type\":\"SearchAction\",\"target\":{\"@type\":\"EntryPoint\",\"urlTemplate\":\"https:\/\/www.caravaggiogame.com\/fr\/?s={search_term_string}\"},\"query-input\":\"required name=search_term_string\"}],\"inLanguage\":\"fr-FR\"},{\"@type\":\"Organization\",\"@id\":\"https:\/\/www.caravaggiogame.com\/fr\/#organization\",\"name\":\"Progetto INT.AR.S - Zelda Teatro\",\"alternateName\":\"Caravaggio The Game\",\"url\":\"https:\/\/www.caravaggiogame.com\/fr\/\",\"logo\":{\"@type\":\"ImageObject\",\"inLanguage\":\"fr-FR\",\"@id\":\"https:\/\/www.caravaggiogame.com\/fr\/#\/schema\/logo\/image\/\",\"url\":\"https:\/\/www.caravaggiogame.com\/wp-content\/uploads\/2024\/05\/logo-Caravaggio-The-Game.webp\",\"contentUrl\":\"https:\/\/www.caravaggiogame.com\/wp-content\/uploads\/2024\/05\/logo-Caravaggio-The-Game.webp\",\"width\":900,\"height\":274,\"caption\":\"Progetto INT.AR.S - Zelda Teatro\"},\"image\":{\"@id\":\"https:\/\/www.caravaggiogame.com\/fr\/#\/schema\/logo\/image\/\"},\"sameAs\":[\"https:\/\/www.facebook.com\/ZeldaTeatro\/\"]}]}<\/script>\n<!-- \/ Yoast SEO plugin. -->","yoast_head_json":{"title":"Caravaggio The Game Demo - Caravaggio: The Game","robots":{"index":"index","follow":"follow","max-snippet":"max-snippet:-1","max-image-preview":"max-image-preview:large","max-video-preview":"max-video-preview:-1"},"canonical":"https:\/\/www.caravaggiogame.com\/fr\/caravaggio-the-game-demo\/","og_locale":"fr_FR","og_type":"article","og_title":"Caravaggio The Game Demo - Caravaggio: The Game","og_url":"https:\/\/www.caravaggiogame.com\/fr\/caravaggio-the-game-demo\/","og_site_name":"Caravaggio: The Game","article_publisher":"https:\/\/www.facebook.com\/ZeldaTeatro\/","article_modified_time":"2025-02-25T15:49:48+00:00","og_image":[{"width":1920,"height":1080,"url":"https:\/\/www.caravaggiogame.com\/wp-content\/uploads\/2024\/05\/CaravaggioGame-header-01.webp","type":"image\/webp"}],"twitter_card":"summary_large_image","schema":{"@context":"https:\/\/schema.org","@graph":[{"@type":"WebPage","@id":"https:\/\/www.caravaggiogame.com\/fr\/caravaggio-the-game-demo\/","url":"https:\/\/www.caravaggiogame.com\/fr\/caravaggio-the-game-demo\/","name":"Caravaggio The Game Demo - Caravaggio: The Game","isPartOf":{"@id":"https:\/\/www.caravaggiogame.com\/fr\/#website"},"datePublished":"2024-05-30T21:12:52+00:00","dateModified":"2025-02-25T15:49:48+00:00","breadcrumb":{"@id":"https:\/\/www.caravaggiogame.com\/fr\/caravaggio-the-game-demo\/#breadcrumb"},"inLanguage":"fr-FR","potentialAction":[{"@type":"ReadAction","target":["https:\/\/www.caravaggiogame.com\/fr\/caravaggio-the-game-demo\/"]}]},{"@type":"BreadcrumbList","@id":"https:\/\/www.caravaggiogame.com\/fr\/caravaggio-the-game-demo\/#breadcrumb","itemListElement":[{"@type":"ListItem","position":1,"name":"Home","item":"https:\/\/www.caravaggiogame.com\/fr\/"},{"@type":"ListItem","position":2,"name":"Caravaggio The Game Demo"}]},{"@type":"WebSite","@id":"https:\/\/www.caravaggiogame.com\/fr\/#website","url":"https:\/\/www.caravaggiogame.com\/fr\/","name":"Caravaggio: The Game","description":"videogioco educativo","publisher":{"@id":"https:\/\/www.caravaggiogame.com\/fr\/#organization"},"alternateName":"Progetto INT.AR.S - Zelda Teatro","potentialAction":[{"@type":"SearchAction","target":{"@type":"EntryPoint","urlTemplate":"https:\/\/www.caravaggiogame.com\/fr\/?s={search_term_string}"},"query-input":"required name=search_term_string"}],"inLanguage":"fr-FR"},{"@type":"Organization","@id":"https:\/\/www.caravaggiogame.com\/fr\/#organization","name":"Progetto INT.AR.S - Zelda Teatro","alternateName":"Caravaggio The Game","url":"https:\/\/www.caravaggiogame.com\/fr\/","logo":{"@type":"ImageObject","inLanguage":"fr-FR","@id":"https:\/\/www.caravaggiogame.com\/fr\/#\/schema\/logo\/image\/","url":"https:\/\/www.caravaggiogame.com\/wp-content\/uploads\/2024\/05\/logo-Caravaggio-The-Game.webp","contentUrl":"https:\/\/www.caravaggiogame.com\/wp-content\/uploads\/2024\/05\/logo-Caravaggio-The-Game.webp","width":900,"height":274,"caption":"Progetto INT.AR.S - Zelda Teatro"},"image":{"@id":"https:\/\/www.caravaggiogame.com\/fr\/#\/schema\/logo\/image\/"},"sameAs":["https:\/\/www.facebook.com\/ZeldaTeatro\/"]}]}},"_links":{"self":[{"href":"https:\/\/www.caravaggiogame.com\/fr\/wp-json\/wp\/v2\/pages\/3740"}],"collection":[{"href":"https:\/\/www.caravaggiogame.com\/fr\/wp-json\/wp\/v2\/pages"}],"about":[{"href":"https:\/\/www.caravaggiogame.com\/fr\/wp-json\/wp\/v2\/types\/page"}],"author":[{"embeddable":true,"href":"https:\/\/www.caravaggiogame.com\/fr\/wp-json\/wp\/v2\/users\/1"}],"replies":[{"embeddable":true,"href":"https:\/\/www.caravaggiogame.com\/fr\/wp-json\/wp\/v2\/comments?post=3740"}],"version-history":[{"count":5,"href":"https:\/\/www.caravaggiogame.com\/fr\/wp-json\/wp\/v2\/pages\/3740\/revisions"}],"predecessor-version":[{"id":3804,"href":"https:\/\/www.caravaggiogame.com\/fr\/wp-json\/wp\/v2\/pages\/3740\/revisions\/3804"}],"wp:attachment":[{"href":"https:\/\/www.caravaggiogame.com\/fr\/wp-json\/wp\/v2\/media?parent=3740"}],"curies":[{"name":"wp","href":"https:\/\/api.w.org\/{rel}","templated":true}]}}