{"id":3722,"date":"2021-11-15T15:03:34","date_gmt":"2021-11-15T14:03:34","guid":{"rendered":"https:\/\/www.caravaggiogame.com\/contact\/"},"modified":"2024-11-07T16:29:55","modified_gmt":"2024-11-07T15:29:55","slug":"contact","status":"publish","type":"page","link":"https:\/\/www.caravaggiogame.com\/fr\/contact\/","title":{"rendered":"Contact"},"content":{"rendered":"<section class=\"l-section wpb_row height_small color_alternate\"><div class=\"l-section-h i-cf\"><div class=\"g-cols vc_row via_flex valign_top type_default stacking_default\"><div class=\"vc_col-sm-12 wpb_column vc_column_container\"><div class=\"vc_column-inner\"><div class=\"wpb_wrapper\"><div class=\"w-separator size_small\"><\/div><div class=\"wpb_text_column\"><div class=\"wpb_wrapper\"><h2>Pour demander un atelier, collaborer ou exprimer votre int\u00e9r\u00eat pour le projet de d\u00e9veloppement, contactez-nous par e-mail ou remplissez le formulaire<\/h2>\n<\/div><\/div><div class=\"w-separator size_small\"><\/div><\/div><\/div><\/div><\/div><\/div><\/section><section class=\"l-section wpb_row height_large\"><div class=\"l-section-overlay\" style=\"background:var(--color-header-middle-bg)\"><\/div><div class=\"l-section-h i-cf\"><div class=\"g-cols vc_row via_flex valign_top type_default stacking_default\"><div class=\"vc_col-sm-6 wpb_column vc_column_container\"><div class=\"vc_column-inner\"><div class=\"wpb_wrapper\"><div class=\"w-separator size_small\"><\/div><div class=\"w-text\"><span class=\"w-text-h\"><span class=\"w-text-value\">E-Mail principal<\/span><\/span><\/div><h4 class=\"w-text\"><a href=\"mailto:info@zeldateatro.com\" class=\"w-text-h\"><span class=\"w-text-value\">info@zeldateatro.com<\/span><\/a><\/h4><div class=\"w-separator size_small with_line width_default thick_1 style_solid color_border align_center\"><div class=\"w-separator-h\"><\/div><\/div><div class=\"w-text\"><span class=\"w-text-h\"><span class=\"w-text-value\">Contact t\u00e9l\u00e9phonique Zelda Teatro<\/span><\/span><\/div><h4 class=\"w-text\"><a href=\"tel:+39 340 9362803\" class=\"w-text-h\"><span class=\"w-text-value\">+39 340 9362803<\/span><\/a><\/h4><\/div><\/div><\/div><div class=\"vc_col-sm-6 wpb_column vc_column_container\"><div class=\"vc_column-inner\"><div class=\"wpb_wrapper\"><div class=\"w-separator size_small\"><\/div><form class=\"w-form  us_custom_32cb1087 layout_ver for_cform us_form_1\" autocomplete=\"off\" action=\"https:\/\/www.caravaggiogame.com\/fr\/wp-json\/wp\/v2\/pages\/3722\" method=\"post\"><div class=\"w-form-h\"><div class=\"w-form-row for_email required\">\r\n\t\t<div class=\"w-form-row-field\">\r\n\t\t\t\t\t\t<input aria-label=\"Email\" type=\"email\" name=\"us_form_1_email_1\" value placeholder=\"Email *\" data-required=\"true\" aria-required=\"true\"\/>\r\n\t\t\t<\/div>\r\n\t\t<div class=\"w-form-row-state\">Veuillez saisir une adresse e-mail valide.<\/div>\r\n<\/div>\r\n<div class=\"w-form-row for_text required\">\r\n\t\t<div class=\"w-form-row-field\">\r\n\t\t\t\t\t\t<input aria-label=\"Nom et Pr\u00e9nom\" type=\"text\" name=\"us_form_1_text_1\" value placeholder=\"Nom et Pr\u00e9nom *\" data-required=\"true\" aria-required=\"true\"\/>\r\n\t\t\t<\/div>\r\n\t\t<div class=\"w-form-row-state\">Vous devez remplir ce champ<\/div>\r\n<\/div>\r\n<div class=\"w-form-row for_textarea required\">\r\n\t\t<div class=\"w-form-row-field\">\r\n\t\t\t\t\t\t<textarea aria-label=\"Message\" name=\"us_form_1_textarea_1\" placeholder=\"Message *\" data-required=\"true\" aria-required=\"true\"><\/textarea>\r\n\t\t\t<\/div>\r\n\t\t<div class=\"w-form-row-state\">Vous devez remplir ce champ<\/div>\r\n<\/div>\r\n<div class=\"w-form-row for_agreement required\">\r\n\t\t\t<div class=\"w-form-row-label\">\r\n\t\t\t<span>Politique de confidentialit\u00e9 <span class=\"required\">*<\/span><\/span>\r\n\t\t<\/div>\r\n\t\t<div class=\"w-form-row-field\">\r\n\t\t\t\t<label>\r\n\t\t\t<input type=\"checkbox\" value=\"1\" data-required=\"true\" aria-required=\"true\" name=\"us_form_1_agreement_1\"\/>\r\n\t\t\t<span>J'ai lu et compris la politique de confidentialit\u00e9 et j'accepte pleinement les conditions d'utilisation.<\/span>\r\n\t\t<\/label>\r\n\t\t\t<\/div>\r\n\t\t<div class=\"w-form-row-state\">Vous devez accepter les conditions pour continuer<\/div>\r\n<\/div>\r\n<input type=\"hidden\" name=\"action\" value=\"us_ajax_cform\" \/>\r\n<input type=\"hidden\" name=\"post_id\" value=\"0\" \/>\r\n<input type=\"hidden\" name=\"form_index\" value=\"1\" \/>\r\n<div class=\"w-form-row for_submit align_none\">\r\n\t<button class=\"w-btn  us-btn-style_2\" aria-label=\"Envoyer un message\" type=\"submit\">\r\n\t\t<span class=\"g-preloader type_1\"><\/span>\r\n\t\t\t\t<span class=\"w-btn-label\">Envoyer un message<\/span>\r\n\t\t\t<\/button>\r\n\t<\/div>\r\n<\/div><div class=\"w-form-message\"><\/div><div class=\"w-form-json hidden\" onclick='return {&quot;ajaxurl&quot;:&quot;https:\\\/\\\/www.caravaggiogame.com\\\/wp-admin\\\/admin-ajax.php&quot;,&quot;messages&quot;:{&quot;err_empty&quot;:&quot;Vous devez remplir ce champ&quot;,&quot;err_size&quot;:&quot;La taille du fichier ne peut pas d\\u00e9passer %s Mo&quot;,&quot;err_extension&quot;:&quot;Le type de fichier %s n&#039;est pas autoris\\u00e9&quot;}}'><\/div><\/form><\/div><\/div><\/div><\/div><\/div><\/section><section class=\"l-section wpb_row height_medium\"><div class=\"l-section-h i-cf\"><div class=\"g-cols vc_row via_flex valign_bottom type_default stacking_default\"><div class=\"vc_col-sm-12 wpb_column vc_column_container\"><div class=\"vc_column-inner\"><div class=\"wpb_wrapper\"><div class=\"g-cols wpb_row via_flex valign_top type_default stacking_default\"><div class=\"vc_col-sm-4 wpb_column vc_column_container\"><div class=\"vc_column-inner\"><div class=\"wpb_wrapper\"><\/div><\/div><\/div><div class=\"vc_col-sm-4 wpb_column vc_column_container\"><div class=\"vc_column-inner\"><div class=\"wpb_wrapper\"><div class=\"w-image align_center\"><div class=\"w-image-h\"><img decoding=\"async\" width=\"656\" height=\"141\" src=\"https:\/\/www.caravaggiogame.com\/wp-content\/uploads\/2024\/05\/logo-Zelda-scuro.webp\" class=\"attachment-large size-large\" alt=\"\" loading=\"lazy\" srcset=\"https:\/\/www.caravaggiogame.com\/wp-content\/uploads\/2024\/05\/logo-Zelda-scuro.webp 656w, https:\/\/www.caravaggiogame.com\/wp-content\/uploads\/2024\/05\/logo-Zelda-scuro-300x64.webp 300w\" sizes=\"(max-width: 656px) 100vw, 656px\" \/><\/div><\/div><div class=\"w-separator size_small\"><\/div><div class=\"wpb_text_column\"><div class=\"wpb_wrapper\"><h5 style=\"text-align: center;\"><strong>Zelda S.r.l. \u2013 entreprise sociale<\/strong><\/h5>\n<\/div><\/div><\/div><\/div><\/div><div class=\"vc_col-sm-4 wpb_column vc_column_container\"><div class=\"vc_column-inner\"><div class=\"wpb_wrapper\"><\/div><\/div><\/div><\/div><div class=\"w-separator size_medium\"><\/div><div class=\"g-cols wpb_row us_custom_62f661de via_flex valign_top type_default stacking_default\"><div class=\"vc_col-sm-4 wpb_column vc_column_container\"><div class=\"vc_column-inner\"><div class=\"wpb_wrapper\"><div class=\"wpb_text_column\"><div class=\"wpb_wrapper\"><p><strong><em>sede legale di Venezia<\/em><\/strong><\/p>\n<p>via Francesco Baracca, 39<br \/>\n30173 Venezia<br \/>\nC.F. e P.iva: IT04262500269<\/p>\n<\/div><\/div><\/div><\/div><\/div><div class=\"vc_col-sm-4 wpb_column vc_column_container\"><div class=\"vc_column-inner\"><div class=\"wpb_wrapper\"><div class=\"wpb_text_column\"><div class=\"wpb_wrapper\"><p><strong><em>unit\u00e0 locale di Trieste<\/em><\/strong><\/p>\n<p>via Marco Tullio Cicerone, 10<br \/>\n34133 Trieste<\/p>\n<\/div><\/div><\/div><\/div><\/div><div class=\"vc_col-sm-4 wpb_column vc_column_container\"><div class=\"vc_column-inner\"><div class=\"wpb_wrapper\"><div class=\"wpb_text_column\"><div class=\"wpb_wrapper\"><p><strong><em>unit\u00e0 locale di Pergine Valsugana (Trento)<\/em><\/strong><\/p>\n<p>Ponte Regio, Localit\u00e0 Fratte, 24<br \/>\n38057 Pergine Valsugana (Tn)<\/p>\n<\/div><\/div><\/div><\/div><\/div><\/div><\/div><\/div><\/div><\/div><\/div><\/section>\n","protected":false},"excerpt":{"rendered":"Pour demander un atelier, collaborer ou exprimer votre int\u00e9r\u00eat pour le projet de d\u00e9veloppement, contactez-nous par e-mail ou remplissez le formulaire E-Mail principalinfo@zeldateatro.comContact t\u00e9l\u00e9phonique Zelda Teatro+39 340 9362803 Veuillez saisir une adresse e-mail valide. Vous devez remplir ce champ Vous devez remplir ce champ Politique de confidentialit\u00e9 * J'ai lu et compris la politique de...","protected":false},"author":1,"featured_media":0,"parent":0,"menu_order":0,"comment_status":"closed","ping_status":"closed","template":"","meta":{"footnotes":""},"yoast_head":"<!-- This site is optimized with the Yoast SEO plugin v23.1 - https:\/\/yoast.com\/wordpress\/plugins\/seo\/ -->\n<title>Contact - Caravaggio: The Game<\/title>\n<meta name=\"robots\" content=\"index, follow, max-snippet:-1, max-image-preview:large, max-video-preview:-1\" \/>\n<link rel=\"canonical\" href=\"https:\/\/www.caravaggiogame.com\/fr\/contact\/\" \/>\n<meta property=\"og:locale\" content=\"fr_FR\" \/>\n<meta property=\"og:type\" content=\"article\" \/>\n<meta property=\"og:title\" content=\"Contact - Caravaggio: The Game\" \/>\n<meta property=\"og:url\" content=\"https:\/\/www.caravaggiogame.com\/fr\/contact\/\" \/>\n<meta property=\"og:site_name\" content=\"Caravaggio: The Game\" \/>\n<meta property=\"article:publisher\" content=\"https:\/\/www.facebook.com\/ZeldaTeatro\/\" \/>\n<meta property=\"article:modified_time\" content=\"2024-11-07T15:29:55+00:00\" \/>\n<meta property=\"og:image\" content=\"https:\/\/www.caravaggiogame.com\/wp-content\/uploads\/2024\/05\/CaravaggioGame-header-01.webp\" \/>\n\t<meta property=\"og:image:width\" content=\"1920\" \/>\n\t<meta property=\"og:image:height\" content=\"1080\" \/>\n\t<meta property=\"og:image:type\" content=\"image\/webp\" \/>\n<meta name=\"twitter:card\" content=\"summary_large_image\" \/>\n<script type=\"application\/ld+json\" class=\"yoast-schema-graph\">{\"@context\":\"https:\/\/schema.org\",\"@graph\":[{\"@type\":\"WebPage\",\"@id\":\"https:\/\/www.caravaggiogame.com\/fr\/contact\/\",\"url\":\"https:\/\/www.caravaggiogame.com\/fr\/contact\/\",\"name\":\"Contact - Caravaggio: The Game\",\"isPartOf\":{\"@id\":\"https:\/\/www.caravaggiogame.com\/fr\/#website\"},\"datePublished\":\"2021-11-15T14:03:34+00:00\",\"dateModified\":\"2024-11-07T15:29:55+00:00\",\"breadcrumb\":{\"@id\":\"https:\/\/www.caravaggiogame.com\/fr\/contact\/#breadcrumb\"},\"inLanguage\":\"fr-FR\",\"potentialAction\":[{\"@type\":\"ReadAction\",\"target\":[\"https:\/\/www.caravaggiogame.com\/fr\/contact\/\"]}]},{\"@type\":\"BreadcrumbList\",\"@id\":\"https:\/\/www.caravaggiogame.com\/fr\/contact\/#breadcrumb\",\"itemListElement\":[{\"@type\":\"ListItem\",\"position\":1,\"name\":\"Home\",\"item\":\"https:\/\/www.caravaggiogame.com\/fr\/\"},{\"@type\":\"ListItem\",\"position\":2,\"name\":\"Contact\"}]},{\"@type\":\"WebSite\",\"@id\":\"https:\/\/www.caravaggiogame.com\/fr\/#website\",\"url\":\"https:\/\/www.caravaggiogame.com\/fr\/\",\"name\":\"Caravaggio: The Game\",\"description\":\"videogioco educativo\",\"publisher\":{\"@id\":\"https:\/\/www.caravaggiogame.com\/fr\/#organization\"},\"alternateName\":\"Progetto INT.AR.S - Zelda Teatro\",\"potentialAction\":[{\"@type\":\"SearchAction\",\"target\":{\"@type\":\"EntryPoint\",\"urlTemplate\":\"https:\/\/www.caravaggiogame.com\/fr\/?s={search_term_string}\"},\"query-input\":\"required name=search_term_string\"}],\"inLanguage\":\"fr-FR\"},{\"@type\":\"Organization\",\"@id\":\"https:\/\/www.caravaggiogame.com\/fr\/#organization\",\"name\":\"Progetto INT.AR.S - Zelda Teatro\",\"alternateName\":\"Caravaggio The Game\",\"url\":\"https:\/\/www.caravaggiogame.com\/fr\/\",\"logo\":{\"@type\":\"ImageObject\",\"inLanguage\":\"fr-FR\",\"@id\":\"https:\/\/www.caravaggiogame.com\/fr\/#\/schema\/logo\/image\/\",\"url\":\"https:\/\/www.caravaggiogame.com\/wp-content\/uploads\/2024\/05\/logo-Caravaggio-The-Game.webp\",\"contentUrl\":\"https:\/\/www.caravaggiogame.com\/wp-content\/uploads\/2024\/05\/logo-Caravaggio-The-Game.webp\",\"width\":900,\"height\":274,\"caption\":\"Progetto INT.AR.S - Zelda Teatro\"},\"image\":{\"@id\":\"https:\/\/www.caravaggiogame.com\/fr\/#\/schema\/logo\/image\/\"},\"sameAs\":[\"https:\/\/www.facebook.com\/ZeldaTeatro\/\"]}]}<\/script>\n<!-- \/ Yoast SEO plugin. -->","yoast_head_json":{"title":"Contact - Caravaggio: The Game","robots":{"index":"index","follow":"follow","max-snippet":"max-snippet:-1","max-image-preview":"max-image-preview:large","max-video-preview":"max-video-preview:-1"},"canonical":"https:\/\/www.caravaggiogame.com\/fr\/contact\/","og_locale":"fr_FR","og_type":"article","og_title":"Contact - Caravaggio: The Game","og_url":"https:\/\/www.caravaggiogame.com\/fr\/contact\/","og_site_name":"Caravaggio: The Game","article_publisher":"https:\/\/www.facebook.com\/ZeldaTeatro\/","article_modified_time":"2024-11-07T15:29:55+00:00","og_image":[{"width":1920,"height":1080,"url":"https:\/\/www.caravaggiogame.com\/wp-content\/uploads\/2024\/05\/CaravaggioGame-header-01.webp","type":"image\/webp"}],"twitter_card":"summary_large_image","schema":{"@context":"https:\/\/schema.org","@graph":[{"@type":"WebPage","@id":"https:\/\/www.caravaggiogame.com\/fr\/contact\/","url":"https:\/\/www.caravaggiogame.com\/fr\/contact\/","name":"Contact - Caravaggio: The Game","isPartOf":{"@id":"https:\/\/www.caravaggiogame.com\/fr\/#website"},"datePublished":"2021-11-15T14:03:34+00:00","dateModified":"2024-11-07T15:29:55+00:00","breadcrumb":{"@id":"https:\/\/www.caravaggiogame.com\/fr\/contact\/#breadcrumb"},"inLanguage":"fr-FR","potentialAction":[{"@type":"ReadAction","target":["https:\/\/www.caravaggiogame.com\/fr\/contact\/"]}]},{"@type":"BreadcrumbList","@id":"https:\/\/www.caravaggiogame.com\/fr\/contact\/#breadcrumb","itemListElement":[{"@type":"ListItem","position":1,"name":"Home","item":"https:\/\/www.caravaggiogame.com\/fr\/"},{"@type":"ListItem","position":2,"name":"Contact"}]},{"@type":"WebSite","@id":"https:\/\/www.caravaggiogame.com\/fr\/#website","url":"https:\/\/www.caravaggiogame.com\/fr\/","name":"Caravaggio: The Game","description":"videogioco educativo","publisher":{"@id":"https:\/\/www.caravaggiogame.com\/fr\/#organization"},"alternateName":"Progetto INT.AR.S - Zelda Teatro","potentialAction":[{"@type":"SearchAction","target":{"@type":"EntryPoint","urlTemplate":"https:\/\/www.caravaggiogame.com\/fr\/?s={search_term_string}"},"query-input":"required name=search_term_string"}],"inLanguage":"fr-FR"},{"@type":"Organization","@id":"https:\/\/www.caravaggiogame.com\/fr\/#organization","name":"Progetto INT.AR.S - Zelda Teatro","alternateName":"Caravaggio The Game","url":"https:\/\/www.caravaggiogame.com\/fr\/","logo":{"@type":"ImageObject","inLanguage":"fr-FR","@id":"https:\/\/www.caravaggiogame.com\/fr\/#\/schema\/logo\/image\/","url":"https:\/\/www.caravaggiogame.com\/wp-content\/uploads\/2024\/05\/logo-Caravaggio-The-Game.webp","contentUrl":"https:\/\/www.caravaggiogame.com\/wp-content\/uploads\/2024\/05\/logo-Caravaggio-The-Game.webp","width":900,"height":274,"caption":"Progetto INT.AR.S - Zelda Teatro"},"image":{"@id":"https:\/\/www.caravaggiogame.com\/fr\/#\/schema\/logo\/image\/"},"sameAs":["https:\/\/www.facebook.com\/ZeldaTeatro\/"]}]}},"_links":{"self":[{"href":"https:\/\/www.caravaggiogame.com\/fr\/wp-json\/wp\/v2\/pages\/3722"}],"collection":[{"href":"https:\/\/www.caravaggiogame.com\/fr\/wp-json\/wp\/v2\/pages"}],"about":[{"href":"https:\/\/www.caravaggiogame.com\/fr\/wp-json\/wp\/v2\/types\/page"}],"author":[{"embeddable":true,"href":"https:\/\/www.caravaggiogame.com\/fr\/wp-json\/wp\/v2\/users\/1"}],"replies":[{"embeddable":true,"href":"https:\/\/www.caravaggiogame.com\/fr\/wp-json\/wp\/v2\/comments?post=3722"}],"version-history":[{"count":2,"href":"https:\/\/www.caravaggiogame.com\/fr\/wp-json\/wp\/v2\/pages\/3722\/revisions"}],"predecessor-version":[{"id":3724,"href":"https:\/\/www.caravaggiogame.com\/fr\/wp-json\/wp\/v2\/pages\/3722\/revisions\/3724"}],"wp:attachment":[{"href":"https:\/\/www.caravaggiogame.com\/fr\/wp-json\/wp\/v2\/media?parent=3722"}],"curies":[{"name":"wp","href":"https:\/\/api.w.org\/{rel}","templated":true}]}}